{"id":1014,"date":"2023-03-24T07:09:30","date_gmt":"2023-03-24T06:09:30","guid":{"rendered":"https:\/\/casarobla.com\/home\/san-martin-five\/"},"modified":"2023-11-22T20:01:41","modified_gmt":"2023-11-22T19:01:41","slug":"san-martin-five","status":"publish","type":"page","link":"https:\/\/casarobla.com\/en\/home\/san-martin-five\/","title":{"rendered":"FIVE : SAN MART\u00cdN"},"content":{"rendered":"\n\n\t\t\t\t<a href=\"https:\/\/casarobla.com\/en\/\" target=\"_self\" itemprop=\"url\" rel=\"noopener\">\n\t\t\t\t<img loading=\"lazy\" decoding=\"async\" src=\"https:\/\/casarobla.com\/wp-content\/uploads\/2022\/09\/logo-Casa_Rural_Robla-Elvillar_Alava.png\" alt=\"logo-Casa_Rural_Robla-Elvillar_Alava\" itemprop=\"image\" height=\"145\" width=\"367\" title=\"logo-Casa_Rural_Robla-Elvillar_Alava\" onerror=\"this.style.display='none'\"  \/>\n\t\t\t\t<\/a>\n<h2>\n\t\tFIVE: <br \/>SAN MARTIN\n\t<\/h2>\n\t<ul>\n<li>26 m\u00b2<\/li>\n<li>Double bed 180\u00d7200<\/li>\n<li>Climate control based on underfloor heating\/cooling with individual thermostat<\/li>\n<li>Wifi<\/li>\n<li>Shower cubicle<\/li>\n<li>Wash-hand basin<\/li>\n<li>Hair dryer<\/li>\n<\/ul>\n\t\t\t<a href=\"https:\/\/casarobla.com\/en\/book-now-mp\/\" target=\"_self\" rel=\"noopener\">\n\t\t\t\t\t\t\tBOOK NOW\n\t\t\t\t\t<\/a>\n\t\t<h2>\n\t\t\tROOMS\n\t\t\t\t\t\tRELAX\n\t\t<\/h2>\n\t<meta itemscope itemprop=\"mainEntityOfPage\" itemtype=\"https:\/\/schema.org\/WebPage\" itemid=\"https:\/\/casarobla.com\/en\/home\/one-la-hechicera-the-sorceress\/\" content=\"ONE: LA HECHICERA (THE SORCERESS)\" \/><meta itemprop=\"datePublished\" content=\"2022-11-23\" \/><meta itemprop=\"dateModified\" content=\"2023-11-22\" \/><meta itemprop=\"name\" content=\"Casa Robla\"\/><meta itemprop=\"url\" content=\"https:\/\/casarobla.com\/en\/author\/cr3des_m1n\/\" \/><meta itemprop=\"name\" content=\"cr3des_m1n\" \/><meta itemprop=\"url\" content=\"https:\/\/casarobla.com\/wp-content\/uploads\/2022\/09\/img-inicio-habitaciones-la_hechicera-Casa_Rural_Robla-Elvillar_Alava.jpg\" \/><meta itemprop=\"width\" content=\"684\" \/><meta itemprop=\"height\" content=\"941\" \/><meta itemprop=\"interactionType\" content=\"https:\/\/schema.org\/CommentAction\" \/><meta itemprop=\"userInteractionCount\" content=\"0\" \/>\n\t\t\t\t\t<a href=\"https:\/\/casarobla.com\/en\/home\/one-la-hechicera-the-sorceress\/\" title=\"ONE: LA HECHICERA (THE SORCERESS)\"><\/a>\n\t\t\t\t<img loading=\"lazy\" decoding=\"async\" src=\"https:\/\/casarobla.com\/wp-content\/uploads\/2022\/09\/img-inicio-habitaciones-la_hechicera-Casa_Rural_Robla-Elvillar_Alava.jpg\" alt=\"img-inicio-habitaciones-la_hechicera-Casa_Rural_Robla-Elvillar_Alava\" itemprop=\"image\" data-no-lazy=\"1\" height=\"941\" width=\"684\" title=\"img-inicio-habitaciones-la_hechicera-Casa_Rural_Robla-Elvillar_Alava\" onerror=\"this.style.display='none'\"  \/>\n\t\t\t\t\t\t\t\t\t<h3 itemprop=\"headline\">\n\t\t\t\t\t\t\t\t\t\t\t\t\t\tONE: LA HECHICERA (THE SORCERESS)\t\t\t\t\t\t\t\t\t\t\t<\/h3>\n\t<meta itemscope itemprop=\"mainEntityOfPage\" itemtype=\"https:\/\/schema.org\/WebPage\" itemid=\"https:\/\/casarobla.com\/en\/home\/two-el-encinal-the-holm-oak-wood\/\" content=\"TWO: EL ENCINAL (THE HOLM-OAK WOOD)\" \/><meta itemprop=\"datePublished\" content=\"2023-03-24\" \/><meta itemprop=\"dateModified\" content=\"2023-11-22\" \/><meta itemprop=\"name\" content=\"Casa Robla\"\/><meta itemprop=\"url\" content=\"https:\/\/casarobla.com\/en\/author\/cr3des_m1n\/\" \/><meta itemprop=\"name\" content=\"cr3des_m1n\" \/><meta itemprop=\"url\" content=\"https:\/\/casarobla.com\/wp-content\/uploads\/2022\/09\/img-inicio-habitaciones-2_el_encinal-Casa_Rural_Robla-Elvillar_Alava.jpg\" \/><meta itemprop=\"width\" content=\"684\" \/><meta itemprop=\"height\" content=\"941\" \/><meta itemprop=\"interactionType\" content=\"https:\/\/schema.org\/CommentAction\" \/><meta itemprop=\"userInteractionCount\" content=\"0\" \/>\n\t\t\t\t\t<a href=\"https:\/\/casarobla.com\/en\/home\/two-el-encinal-the-holm-oak-wood\/\" title=\"TWO: EL ENCINAL (THE HOLM-OAK WOOD)\"><\/a>\n\t\t\t\t<img loading=\"lazy\" decoding=\"async\" src=\"https:\/\/casarobla.com\/wp-content\/uploads\/2022\/09\/img-inicio-habitaciones-2_el_encinal-Casa_Rural_Robla-Elvillar_Alava.jpg\" alt=\"img-inicio-habitaciones-2_el_encinal-Casa_Rural_Robla-Elvillar_Alava\" itemprop=\"image\" data-no-lazy=\"1\" height=\"941\" width=\"684\" title=\"img-inicio-habitaciones-2_el_encinal-Casa_Rural_Robla-Elvillar_Alava\" onerror=\"this.style.display='none'\"  \/>\n\t\t\t\t\t\t\t\t\t<h3 itemprop=\"headline\">\n\t\t\t\t\t\t\t\t\t\t\t\t\t\tTWO: EL ENCINAL (THE HOLM-OAK WOOD)\t\t\t\t\t\t\t\t\t\t\t<\/h3>\n\t<meta itemscope itemprop=\"mainEntityOfPage\" itemtype=\"https:\/\/schema.org\/WebPage\" itemid=\"https:\/\/casarobla.com\/en\/home\/three-los-llanos-the-plains\/\" content=\"THREE: LOS LLANOS (THE PLAINS)\" \/><meta itemprop=\"datePublished\" content=\"2023-03-24\" \/><meta itemprop=\"dateModified\" content=\"2023-11-22\" \/><meta itemprop=\"name\" content=\"Casa Robla\"\/><meta itemprop=\"url\" content=\"https:\/\/casarobla.com\/en\/author\/cr3des_m1n\/\" \/><meta itemprop=\"name\" content=\"cr3des_m1n\" \/><meta itemprop=\"url\" content=\"https:\/\/casarobla.com\/wp-content\/uploads\/2022\/09\/img-inicio-habitaciones-3_los_llanos-Casa_Rural_Robla-Elvillar_Alava.jpg\" \/><meta itemprop=\"width\" content=\"684\" \/><meta itemprop=\"height\" content=\"941\" \/><meta itemprop=\"interactionType\" content=\"https:\/\/schema.org\/CommentAction\" \/><meta itemprop=\"userInteractionCount\" content=\"0\" \/>\n\t\t\t\t\t<a href=\"https:\/\/casarobla.com\/en\/home\/three-los-llanos-the-plains\/\" title=\"THREE: LOS LLANOS (THE PLAINS)\"><\/a>\n\t\t\t\t<img loading=\"lazy\" decoding=\"async\" src=\"https:\/\/casarobla.com\/wp-content\/uploads\/2022\/09\/img-inicio-habitaciones-3_los_llanos-Casa_Rural_Robla-Elvillar_Alava.jpg\" alt=\"img-inicio-habitaciones-3_los_llanos-Casa_Rural_Robla-Elvillar_Alava\" itemprop=\"image\" data-no-lazy=\"1\" height=\"941\" width=\"684\" title=\"img-inicio-habitaciones-3_los_llanos-Casa_Rural_Robla-Elvillar_Alava\" onerror=\"this.style.display='none'\"  \/>\n\t\t\t\t\t\t\t\t\t<h3 itemprop=\"headline\">\n\t\t\t\t\t\t\t\t\t\t\t\t\t\tTHREE: LOS LLANOS (THE PLAINS)\t\t\t\t\t\t\t\t\t\t\t<\/h3>\n\t<meta itemscope itemprop=\"mainEntityOfPage\" itemtype=\"https:\/\/schema.org\/WebPage\" itemid=\"https:\/\/casarobla.com\/en\/home\/four-el-alto-de-la-huesera-the-hill-of-the-bonesetter\/\" content=\"FOUR: EL ALTO DE LA HUESERA (THE HILL OF THE BONESETTER)\" \/><meta itemprop=\"datePublished\" content=\"2023-03-24\" \/><meta itemprop=\"dateModified\" content=\"2023-11-22\" \/><meta itemprop=\"name\" content=\"Casa Robla\"\/><meta itemprop=\"url\" content=\"https:\/\/casarobla.com\/en\/author\/cr3des_m1n\/\" \/><meta itemprop=\"name\" content=\"cr3des_m1n\" \/><meta itemprop=\"url\" content=\"https:\/\/casarobla.com\/wp-content\/uploads\/2022\/09\/img-inicio-habitaciones-4_el_alto-Casa_Rural_Robla-Elvillar_Alava.jpg\" \/><meta itemprop=\"width\" content=\"684\" \/><meta itemprop=\"height\" content=\"941\" \/><meta itemprop=\"interactionType\" content=\"https:\/\/schema.org\/CommentAction\" \/><meta itemprop=\"userInteractionCount\" content=\"0\" \/>\n\t\t\t\t\t<a href=\"https:\/\/casarobla.com\/en\/home\/four-el-alto-de-la-huesera-the-hill-of-the-bonesetter\/\" title=\"FOUR: EL ALTO DE LA HUESERA (THE HILL OF THE BONESETTER)\"><\/a>\n\t\t\t\t<img loading=\"lazy\" decoding=\"async\" src=\"https:\/\/casarobla.com\/wp-content\/uploads\/2022\/09\/img-inicio-habitaciones-4_el_alto-Casa_Rural_Robla-Elvillar_Alava.jpg\" alt=\"img-inicio-habitaciones-4_el_alto-Casa_Rural_Robla-Elvillar_Alava\" itemprop=\"image\" data-no-lazy=\"1\" height=\"941\" width=\"684\" title=\"img-inicio-habitaciones-4_el_alto-Casa_Rural_Robla-Elvillar_Alava\" onerror=\"this.style.display='none'\"  \/>\n\t\t\t\t\t\t\t\t\t<h3 itemprop=\"headline\">\n\t\t\t\t\t\t\t\t\t\t\t\t\t\tFOUR: EL ALTO DE LA HUESERA (THE HILL OF THE BONESETTER)\t\t\t\t\t\t\t\t\t\t\t<\/h3>\n\t<meta itemscope itemprop=\"mainEntityOfPage\" itemtype=\"https:\/\/schema.org\/WebPage\" itemid=\"https:\/\/casarobla.com\/en\/home\/six-el-sotillo\/\" content=\"SIX: EL SOTILLO\" \/><meta itemprop=\"datePublished\" content=\"2023-03-24\" \/><meta itemprop=\"dateModified\" content=\"2023-07-20\" \/><meta itemprop=\"name\" content=\"Casa Robla\"\/><meta itemprop=\"url\" content=\"https:\/\/casarobla.com\/en\/author\/cr3des_m1n\/\" \/><meta itemprop=\"name\" content=\"cr3des_m1n\" \/><meta itemprop=\"url\" content=\"https:\/\/casarobla.com\/wp-content\/uploads\/2022\/09\/img-inicio-habitaciones-6_el_sotillo-Casa_Rural_Robla-Elvillar_Alava.jpg\" \/><meta itemprop=\"width\" content=\"684\" \/><meta itemprop=\"height\" content=\"941\" \/><meta itemprop=\"interactionType\" content=\"https:\/\/schema.org\/CommentAction\" \/><meta itemprop=\"userInteractionCount\" content=\"0\" \/>\n\t\t\t\t\t<a href=\"https:\/\/casarobla.com\/en\/home\/six-el-sotillo\/\" title=\"SIX: EL SOTILLO\"><\/a>\n\t\t\t\t<img loading=\"lazy\" decoding=\"async\" src=\"https:\/\/casarobla.com\/wp-content\/uploads\/2022\/09\/img-inicio-habitaciones-6_el_sotillo-Casa_Rural_Robla-Elvillar_Alava.jpg\" alt=\"img-inicio-habitaciones-6_el_sotillo-Casa_Rural_Robla-Elvillar_Alava\" itemprop=\"image\" data-no-lazy=\"1\" height=\"941\" width=\"684\" title=\"img-inicio-habitaciones-6_el_sotillo-Casa_Rural_Robla-Elvillar_Alava\" onerror=\"this.style.display='none'\"  \/>\n\t\t\t\t\t\t\t\t\t<h3 itemprop=\"headline\">\n\t\t\t\t\t\t\t\t\t\t\t\t\t\tSIX: EL SOTILLO\t\t\t\t\t\t\t\t\t\t\t<\/h3>\n\t<meta itemscope itemprop=\"mainEntityOfPage\" itemtype=\"https:\/\/schema.org\/WebPage\" itemid=\"https:\/\/casarobla.com\/en\/home\/seven-layaza\/\" content=\"SEVEN : LAYAZA\" \/><meta itemprop=\"datePublished\" content=\"2023-03-24\" \/><meta itemprop=\"dateModified\" content=\"2023-07-20\" \/><meta itemprop=\"name\" content=\"Casa Robla\"\/><meta itemprop=\"url\" content=\"https:\/\/casarobla.com\/en\/author\/cr3des_m1n\/\" \/><meta itemprop=\"name\" content=\"cr3des_m1n\" \/><meta itemprop=\"url\" content=\"https:\/\/casarobla.com\/wp-content\/uploads\/2022\/09\/img-inicio-habitaciones-7_layaza-Casa_Rural_Robla-Elvillar_Alava.jpg\" \/><meta itemprop=\"width\" content=\"684\" \/><meta itemprop=\"height\" content=\"941\" \/><meta itemprop=\"interactionType\" content=\"https:\/\/schema.org\/CommentAction\" \/><meta itemprop=\"userInteractionCount\" content=\"0\" \/>\n\t\t\t\t\t<a href=\"https:\/\/casarobla.com\/en\/home\/seven-layaza\/\" title=\"SEVEN : LAYAZA\"><\/a>\n\t\t\t\t<img loading=\"lazy\" decoding=\"async\" src=\"https:\/\/casarobla.com\/wp-content\/uploads\/2022\/09\/img-inicio-habitaciones-7_layaza-Casa_Rural_Robla-Elvillar_Alava.jpg\" alt=\"img-inicio-habitaciones-7_layaza-Casa_Rural_Robla-Elvillar_Alava\" itemprop=\"image\" data-no-lazy=\"1\" height=\"941\" width=\"684\" title=\"img-inicio-habitaciones-7_layaza-Casa_Rural_Robla-Elvillar_Alava\" onerror=\"this.style.display='none'\"  \/>\n\t\t\t\t\t\t\t\t\t<h3 itemprop=\"headline\">\n\t\t\t\t\t\t\t\t\t\t\t\t\t\tSEVEN : LAYAZA\t\t\t\t\t\t\t\t\t\t\t<\/h3>\n\t<meta itemscope itemprop=\"mainEntityOfPage\" itemtype=\"https:\/\/schema.org\/WebPage\" itemid=\"https:\/\/casarobla.com\/en\/home\/eight-el-montecillo\/\" content=\"EIGHT: EL MONTECILLO\" \/><meta itemprop=\"datePublished\" content=\"2023-03-24\" \/><meta itemprop=\"dateModified\" content=\"2023-07-20\" \/><meta itemprop=\"name\" content=\"Casa Robla\"\/><meta itemprop=\"url\" content=\"https:\/\/casarobla.com\/en\/author\/cr3des_m1n\/\" \/><meta itemprop=\"name\" content=\"cr3des_m1n\" \/><meta itemprop=\"url\" content=\"https:\/\/casarobla.com\/wp-content\/uploads\/2022\/09\/img-inicio-habitaciones-8_El_montecillo-Casa_Rural_Robla-Elvillar_Alava.jpg\" \/><meta itemprop=\"width\" content=\"684\" \/><meta itemprop=\"height\" content=\"941\" \/><meta itemprop=\"interactionType\" content=\"https:\/\/schema.org\/CommentAction\" \/><meta itemprop=\"userInteractionCount\" content=\"0\" \/>\n\t\t\t\t\t<a href=\"https:\/\/casarobla.com\/en\/home\/eight-el-montecillo\/\" title=\"EIGHT: EL MONTECILLO\"><\/a>\n\t\t\t\t<img loading=\"lazy\" decoding=\"async\" src=\"https:\/\/casarobla.com\/wp-content\/uploads\/2022\/09\/img-inicio-habitaciones-8_El_montecillo-Casa_Rural_Robla-Elvillar_Alava.jpg\" alt=\"img-inicio-habitaciones-8_El_montecillo-Casa_Rural_Robla-Elvillar_Alava\" itemprop=\"image\" data-no-lazy=\"1\" height=\"941\" width=\"684\" title=\"img-inicio-habitaciones-8_El_montecillo-Casa_Rural_Robla-Elvillar_Alava\" onerror=\"this.style.display='none'\"  \/>\n\t\t\t\t\t\t\t\t\t<h3 itemprop=\"headline\">\n\t\t\t\t\t\t\t\t\t\t\t\t\t\tEIGHT: EL MONTECILLO\t\t\t\t\t\t\t\t\t\t\t<\/h3>\n\t\t<!-- .pp-content-posts -->\n<h2>\n\t\tSPACES<br \/>COMMON\n\t<\/h2>\n\t\t\t<a href=\"https:\/\/casarobla.com\/en\/\" target=\"_self\" rel=\"noopener\">\n\t\t\t\t\t\t\tHome\n\t\t\t\t\t<\/a>\n\n","protected":false},"excerpt":{"rendered":"<p>FIVE: SAN MARTIN 26 m\u00b2 Double bed 180\u00d7200 Climate control based on underfloor heating\/cooling with individual thermostat Wifi Shower cubicle Wash-hand basin Hair dryer BOOK NOW ROOMS RELAX ONE: LA HECHICERA (THE SORCERESS) TWO: EL ENCINAL (THE HOLM-OAK WOOD) THREE: LOS LLANOS (THE PLAINS) FOUR: EL ALTO DE LA HUESERA (THE HILL OF THE BONESETTER)&hellip;<\/p>\n","protected":false},"author":1,"featured_media":335,"parent":402,"menu_order":0,"comment_status":"closed","ping_status":"closed","template":"","meta":{"footnotes":""},"class_list":["post-1014","page","type-page","status-publish","has-post-thumbnail","hentry"],"yoast_head":"<!-- This site is optimized with the Yoast SEO plugin v27.5 - https:\/\/yoast.com\/product\/yoast-seo-wordpress\/ -->\n<title>Discover the San Mart\u00edn room in Elvillar de \u00c1lava<\/title>\n<meta name=\"description\" content=\"San Mart\u00edn is room number five of Casa Robla in Elvillar de \u00c1lava. Discover it \u260e +34 678 623 672 \u2709 info@casarobla.com\" \/>\n<meta name=\"robots\" content=\"index, follow, max-snippet:-1, max-image-preview:large, max-video-preview:-1\" \/>\n<link rel=\"canonical\" href=\"https:\/\/casarobla.com\/en\/home\/san-martin-five\/\" \/>\n<meta property=\"og:locale\" content=\"en_US\" \/>\n<meta property=\"og:type\" content=\"article\" \/>\n<meta property=\"og:title\" content=\"Discover the San Mart\u00edn room in Elvillar de \u00c1lava\" \/>\n<meta property=\"og:description\" content=\"San Mart\u00edn is room number five of Casa Robla in Elvillar de \u00c1lava. Discover it \u260e +34 678 623 672 \u2709 info@casarobla.com\" \/>\n<meta property=\"og:url\" content=\"https:\/\/casarobla.com\/en\/home\/san-martin-five\/\" \/>\n<meta property=\"og:site_name\" content=\"Casa Robla\" \/>\n<meta property=\"article:publisher\" content=\"https:\/\/www.facebook.com\/CasaRobla\" \/>\n<meta property=\"article:modified_time\" content=\"2023-11-22T19:01:41+00:00\" \/>\n<meta property=\"og:image\" content=\"https:\/\/casarobla.com\/wp-content\/uploads\/2022\/10\/hero-habitaciones-5-SAN_MARTIN-Casa_Rural_Robla-Elvillar_Alava-1024x427.jpg\" \/>\n<meta name=\"twitter:card\" content=\"summary_large_image\" \/>\n<meta name=\"twitter:title\" content=\"Discover the San Mart\u00edn room in Elvillar de \u00c1lava\" \/>\n<meta name=\"twitter:description\" content=\"San Mart\u00edn is room number five of Casa Robla in Elvillar de \u00c1lava. Discover it \u260e +34 678 623 672 \u2709 info@casarobla.com\" \/>\n<meta name=\"twitter:image\" content=\"https:\/\/casarobla.com\/wp-content\/uploads\/2022\/10\/hero-habitaciones-5-SAN_MARTIN-Casa_Rural_Robla-Elvillar_Alava-1024x427.jpg\" \/>\n<script type=\"application\/ld+json\" class=\"yoast-schema-graph\">{\"@context\":\"https:\\\/\\\/schema.org\",\"@graph\":[{\"@type\":\"WebPage\",\"@id\":\"https:\\\/\\\/casarobla.com\\\/en\\\/home\\\/san-martin-five\\\/\",\"url\":\"https:\\\/\\\/casarobla.com\\\/en\\\/home\\\/san-martin-five\\\/\",\"name\":\"Discover the San Mart\u00edn room in Elvillar de \u00c1lava\",\"isPartOf\":{\"@id\":\"https:\\\/\\\/casarobla.com\\\/en\\\/#website\"},\"primaryImageOfPage\":{\"@id\":\"https:\\\/\\\/casarobla.com\\\/en\\\/home\\\/san-martin-five\\\/#primaryimage\"},\"image\":{\"@id\":\"https:\\\/\\\/casarobla.com\\\/en\\\/home\\\/san-martin-five\\\/#primaryimage\"},\"thumbnailUrl\":\"https:\\\/\\\/casarobla.com\\\/wp-content\\\/uploads\\\/2022\\\/09\\\/img-inicio-habitaciones-5_san_martin-Casa_Rural_Robla-Elvillar_Alava.jpg\",\"datePublished\":\"2023-03-24T06:09:30+00:00\",\"dateModified\":\"2023-11-22T19:01:41+00:00\",\"description\":\"San Mart\u00edn is room number five of Casa Robla in Elvillar de \u00c1lava. Discover it \u260e +34 678 623 672 \u2709 info@casarobla.com\",\"breadcrumb\":{\"@id\":\"https:\\\/\\\/casarobla.com\\\/en\\\/home\\\/san-martin-five\\\/#breadcrumb\"},\"inLanguage\":\"en-US\",\"potentialAction\":[{\"@type\":\"ReadAction\",\"target\":[\"https:\\\/\\\/casarobla.com\\\/en\\\/home\\\/san-martin-five\\\/\"]}]},{\"@type\":\"ImageObject\",\"inLanguage\":\"en-US\",\"@id\":\"https:\\\/\\\/casarobla.com\\\/en\\\/home\\\/san-martin-five\\\/#primaryimage\",\"url\":\"https:\\\/\\\/casarobla.com\\\/wp-content\\\/uploads\\\/2022\\\/09\\\/img-inicio-habitaciones-5_san_martin-Casa_Rural_Robla-Elvillar_Alava.jpg\",\"contentUrl\":\"https:\\\/\\\/casarobla.com\\\/wp-content\\\/uploads\\\/2022\\\/09\\\/img-inicio-habitaciones-5_san_martin-Casa_Rural_Robla-Elvillar_Alava.jpg\",\"width\":684,\"height\":941},{\"@type\":\"BreadcrumbList\",\"@id\":\"https:\\\/\\\/casarobla.com\\\/en\\\/home\\\/san-martin-five\\\/#breadcrumb\",\"itemListElement\":[{\"@type\":\"ListItem\",\"position\":1,\"name\":\"Portada\",\"item\":\"https:\\\/\\\/casarobla.com\\\/en\\\/\"},{\"@type\":\"ListItem\",\"position\":2,\"name\":\"Home\",\"item\":\"https:\\\/\\\/casarobla.com\\\/en\\\/\"},{\"@type\":\"ListItem\",\"position\":3,\"name\":\"FIVE : SAN MART\u00cdN\"}]},{\"@type\":\"WebSite\",\"@id\":\"https:\\\/\\\/casarobla.com\\\/en\\\/#website\",\"url\":\"https:\\\/\\\/casarobla.com\\\/en\\\/\",\"name\":\"Casa Robla\",\"description\":\"La magia de Rioja Alavesa descansa en Elvillar, \u00c1lava.\",\"publisher\":{\"@id\":\"https:\\\/\\\/casarobla.com\\\/en\\\/#organization\"},\"potentialAction\":[{\"@type\":\"SearchAction\",\"target\":{\"@type\":\"EntryPoint\",\"urlTemplate\":\"https:\\\/\\\/casarobla.com\\\/en\\\/?s={search_term_string}\"},\"query-input\":{\"@type\":\"PropertyValueSpecification\",\"valueRequired\":true,\"valueName\":\"search_term_string\"}}],\"inLanguage\":\"en-US\"},{\"@type\":\"Organization\",\"@id\":\"https:\\\/\\\/casarobla.com\\\/en\\\/#organization\",\"name\":\"Casa Robla\",\"url\":\"https:\\\/\\\/casarobla.com\\\/en\\\/\",\"logo\":{\"@type\":\"ImageObject\",\"inLanguage\":\"en-US\",\"@id\":\"https:\\\/\\\/casarobla.com\\\/en\\\/#\\\/schema\\\/logo\\\/image\\\/\",\"url\":\"https:\\\/\\\/casarobla.com\\\/wp-content\\\/uploads\\\/2022\\\/10\\\/logo2.png\",\"contentUrl\":\"https:\\\/\\\/casarobla.com\\\/wp-content\\\/uploads\\\/2022\\\/10\\\/logo2.png\",\"width\":200,\"height\":100,\"caption\":\"Casa Robla\"},\"image\":{\"@id\":\"https:\\\/\\\/casarobla.com\\\/en\\\/#\\\/schema\\\/logo\\\/image\\\/\"},\"sameAs\":[\"https:\\\/\\\/www.facebook.com\\\/CasaRobla\",\"https:\\\/\\\/www.instagram.com\\\/casarobla\\\/\"]}]}<\/script>\n<!-- \/ Yoast SEO plugin. -->","yoast_head_json":{"title":"Discover the San Mart\u00edn room in Elvillar de \u00c1lava","description":"San Mart\u00edn is room number five of Casa Robla in Elvillar de \u00c1lava. Discover it \u260e +34 678 623 672 \u2709 info@casarobla.com","robots":{"index":"index","follow":"follow","max-snippet":"max-snippet:-1","max-image-preview":"max-image-preview:large","max-video-preview":"max-video-preview:-1"},"canonical":"https:\/\/casarobla.com\/en\/home\/san-martin-five\/","og_locale":"en_US","og_type":"article","og_title":"Discover the San Mart\u00edn room in Elvillar de \u00c1lava","og_description":"San Mart\u00edn is room number five of Casa Robla in Elvillar de \u00c1lava. Discover it \u260e +34 678 623 672 \u2709 info@casarobla.com","og_url":"https:\/\/casarobla.com\/en\/home\/san-martin-five\/","og_site_name":"Casa Robla","article_publisher":"https:\/\/www.facebook.com\/CasaRobla","article_modified_time":"2023-11-22T19:01:41+00:00","og_image":[{"url":"https:\/\/casarobla.com\/wp-content\/uploads\/2022\/10\/hero-habitaciones-5-SAN_MARTIN-Casa_Rural_Robla-Elvillar_Alava-1024x427.jpg","type":"","width":"","height":""}],"twitter_card":"summary_large_image","twitter_title":"Discover the San Mart\u00edn room in Elvillar de \u00c1lava","twitter_description":"San Mart\u00edn is room number five of Casa Robla in Elvillar de \u00c1lava. Discover it \u260e +34 678 623 672 \u2709 info@casarobla.com","twitter_image":"https:\/\/casarobla.com\/wp-content\/uploads\/2022\/10\/hero-habitaciones-5-SAN_MARTIN-Casa_Rural_Robla-Elvillar_Alava-1024x427.jpg","schema":{"@context":"https:\/\/schema.org","@graph":[{"@type":"WebPage","@id":"https:\/\/casarobla.com\/en\/home\/san-martin-five\/","url":"https:\/\/casarobla.com\/en\/home\/san-martin-five\/","name":"Discover the San Mart\u00edn room in Elvillar de \u00c1lava","isPartOf":{"@id":"https:\/\/casarobla.com\/en\/#website"},"primaryImageOfPage":{"@id":"https:\/\/casarobla.com\/en\/home\/san-martin-five\/#primaryimage"},"image":{"@id":"https:\/\/casarobla.com\/en\/home\/san-martin-five\/#primaryimage"},"thumbnailUrl":"https:\/\/casarobla.com\/wp-content\/uploads\/2022\/09\/img-inicio-habitaciones-5_san_martin-Casa_Rural_Robla-Elvillar_Alava.jpg","datePublished":"2023-03-24T06:09:30+00:00","dateModified":"2023-11-22T19:01:41+00:00","description":"San Mart\u00edn is room number five of Casa Robla in Elvillar de \u00c1lava. Discover it \u260e +34 678 623 672 \u2709 info@casarobla.com","breadcrumb":{"@id":"https:\/\/casarobla.com\/en\/home\/san-martin-five\/#breadcrumb"},"inLanguage":"en-US","potentialAction":[{"@type":"ReadAction","target":["https:\/\/casarobla.com\/en\/home\/san-martin-five\/"]}]},{"@type":"ImageObject","inLanguage":"en-US","@id":"https:\/\/casarobla.com\/en\/home\/san-martin-five\/#primaryimage","url":"https:\/\/casarobla.com\/wp-content\/uploads\/2022\/09\/img-inicio-habitaciones-5_san_martin-Casa_Rural_Robla-Elvillar_Alava.jpg","contentUrl":"https:\/\/casarobla.com\/wp-content\/uploads\/2022\/09\/img-inicio-habitaciones-5_san_martin-Casa_Rural_Robla-Elvillar_Alava.jpg","width":684,"height":941},{"@type":"BreadcrumbList","@id":"https:\/\/casarobla.com\/en\/home\/san-martin-five\/#breadcrumb","itemListElement":[{"@type":"ListItem","position":1,"name":"Portada","item":"https:\/\/casarobla.com\/en\/"},{"@type":"ListItem","position":2,"name":"Home","item":"https:\/\/casarobla.com\/en\/"},{"@type":"ListItem","position":3,"name":"FIVE : SAN MART\u00cdN"}]},{"@type":"WebSite","@id":"https:\/\/casarobla.com\/en\/#website","url":"https:\/\/casarobla.com\/en\/","name":"Casa Robla","description":"La magia de Rioja Alavesa descansa en Elvillar, \u00c1lava.","publisher":{"@id":"https:\/\/casarobla.com\/en\/#organization"},"potentialAction":[{"@type":"SearchAction","target":{"@type":"EntryPoint","urlTemplate":"https:\/\/casarobla.com\/en\/?s={search_term_string}"},"query-input":{"@type":"PropertyValueSpecification","valueRequired":true,"valueName":"search_term_string"}}],"inLanguage":"en-US"},{"@type":"Organization","@id":"https:\/\/casarobla.com\/en\/#organization","name":"Casa Robla","url":"https:\/\/casarobla.com\/en\/","logo":{"@type":"ImageObject","inLanguage":"en-US","@id":"https:\/\/casarobla.com\/en\/#\/schema\/logo\/image\/","url":"https:\/\/casarobla.com\/wp-content\/uploads\/2022\/10\/logo2.png","contentUrl":"https:\/\/casarobla.com\/wp-content\/uploads\/2022\/10\/logo2.png","width":200,"height":100,"caption":"Casa Robla"},"image":{"@id":"https:\/\/casarobla.com\/en\/#\/schema\/logo\/image\/"},"sameAs":["https:\/\/www.facebook.com\/CasaRobla","https:\/\/www.instagram.com\/casarobla\/"]}]}},"_links":{"self":[{"href":"https:\/\/casarobla.com\/en\/wp-json\/wp\/v2\/pages\/1014","targetHints":{"allow":["GET"]}}],"collection":[{"href":"https:\/\/casarobla.com\/en\/wp-json\/wp\/v2\/pages"}],"about":[{"href":"https:\/\/casarobla.com\/en\/wp-json\/wp\/v2\/types\/page"}],"author":[{"embeddable":true,"href":"https:\/\/casarobla.com\/en\/wp-json\/wp\/v2\/users\/1"}],"replies":[{"embeddable":true,"href":"https:\/\/casarobla.com\/en\/wp-json\/wp\/v2\/comments?post=1014"}],"version-history":[{"count":0,"href":"https:\/\/casarobla.com\/en\/wp-json\/wp\/v2\/pages\/1014\/revisions"}],"up":[{"embeddable":true,"href":"https:\/\/casarobla.com\/en\/wp-json\/wp\/v2\/pages\/402"}],"wp:featuredmedia":[{"embeddable":true,"href":"https:\/\/casarobla.com\/en\/wp-json\/wp\/v2\/media\/335"}],"wp:attachment":[{"href":"https:\/\/casarobla.com\/en\/wp-json\/wp\/v2\/media?parent=1014"}],"curies":[{"name":"wp","href":"https:\/\/api.w.org\/{rel}","templated":true}]}}